{"id":100635,"date":"2022-06-28T15:05:39","date_gmt":"2022-06-28T19:05:39","guid":{"rendered":"https:\/\/grebe-watches.com\/producto\/artisan-line-no7-minimal\/"},"modified":"2022-06-28T15:05:39","modified_gmt":"2022-06-28T19:05:39","slug":"ligne-dartisanat-no7-minimale","status":"publish","type":"product","link":"https:\/\/grebe-watches.com\/fr\/producto\/ligne-dartisanat-no7-minimale\/","title":{"rendered":"Artisan Line N\u00ba7 Minimal"},"content":{"rendered":"","protected":false},"excerpt":{"rendered":"<p>La ligne de montres Grebe Artisanal Line pr\u00e9sente un cadran 100% cuivre r\u00e9alis\u00e9 \u00e0 la main avec des techniques artisanales de gravure et de sulfatage. Chaque montre est diff\u00e9rente. Dans sa conception, nous voulons donner une nouvelle vie \u00e0 la tradition de notre pays, avec un style moderne pour l&#8217;usage d&#8217;aujourd&#8217;hui.<\/p>\n<p>Le mod\u00e8le n\u00b0 7 pr\u00e9sente un traitement de patine sur son cadran.<\/p>\n<p>La photo est r\u00e9f\u00e9rentielle, certaines tonalit\u00e9s du sulfatage et des d\u00e9tails de la gravure peuvent varier. Comme il s&#8217;agit d&#8217;une technique artisanale, elle n&#8217;est pas exempte d&#8217;imperfections.<\/p>\n<h4>Sp\u00e9cifications :<\/h4>\n<ul>\n<li>DIAM\u00c8TRE : 38 MM<\/li>\n<li>DIAL : Cuivre<\/li>\n<li>BOITIER : Acier inoxydable<\/li>\n<li>MOTEUR : Miyota Citizen, Japon<\/li>\n<li>CRYSTAL : Cristal min\u00e9ral<\/li>\n<li>SANGLE : Cuir<\/li>\n<\/ul>\n","protected":false},"featured_media":100512,"comment_status":"open","ping_status":"closed","template":"","meta":[],"product_brand":[],"product_cat":[115],"product_tag":[],"class_list":{"0":"post-100635","1":"product","2":"type-product","3":"status-publish","4":"has-post-thumbnail","6":"product_cat-montres-en-cuivre","8":"first","9":"outofstock","10":"shipping-taxable","11":"purchasable","12":"product-type-simple"},"_links":{"self":[{"href":"https:\/\/grebe-watches.com\/fr\/wp-json\/wp\/v2\/product\/100635","targetHints":{"allow":["GET"]}}],"collection":[{"href":"https:\/\/grebe-watches.com\/fr\/wp-json\/wp\/v2\/product"}],"about":[{"href":"https:\/\/grebe-watches.com\/fr\/wp-json\/wp\/v2\/types\/product"}],"replies":[{"embeddable":true,"href":"https:\/\/grebe-watches.com\/fr\/wp-json\/wp\/v2\/comments?post=100635"}],"wp:featuredmedia":[{"embeddable":true,"href":"https:\/\/grebe-watches.com\/fr\/wp-json\/wp\/v2\/media\/100512"}],"wp:attachment":[{"href":"https:\/\/grebe-watches.com\/fr\/wp-json\/wp\/v2\/media?parent=100635"}],"wp:term":[{"taxonomy":"product_brand","embeddable":true,"href":"https:\/\/grebe-watches.com\/fr\/wp-json\/wp\/v2\/product_brand?post=100635"},{"taxonomy":"product_cat","embeddable":true,"href":"https:\/\/grebe-watches.com\/fr\/wp-json\/wp\/v2\/product_cat?post=100635"},{"taxonomy":"product_tag","embeddable":true,"href":"https:\/\/grebe-watches.com\/fr\/wp-json\/wp\/v2\/product_tag?post=100635"}],"curies":[{"name":"wp","href":"https:\/\/api.w.org\/{rel}","templated":true}]}}