{"id":100628,"date":"2020-11-04T20:38:37","date_gmt":"2020-11-04T23:38:37","guid":{"rendered":"https:\/\/grebe-watches.com\/retours-et-echanges\/"},"modified":"2022-09-14T11:23:32","modified_gmt":"2022-09-14T14:23:32","slug":"retours-et-echanges","status":"publish","type":"page","link":"https:\/\/grebe-watches.com\/fr\/retours-et-echanges\/","title":{"rendered":"Retours et \u00e9changes"},"content":{"rendered":"<p>[vc_row][vc_column][vc_column_text]<\/p>\n<p>Les montres en cuivre sont fabriqu\u00e9es \u00e0 la main sur le cadran et ne sont pas exemptes d&#8217;imperfections. Les photos sont celles d&#8217;une montre de r\u00e9f\u00e9rence et aucune n&#8217;est exactement la m\u00eame. Sur les photos, vous pouvez voir les cadrans et leurs d\u00e9tails en d\u00e9tail. Cela les rend uniques et, en m\u00eame temps, peut \u00eatre mal compris si vous ne comprenez pas le concept d&#8217;artisanat et ses imperfections.<\/p>\n\n<p>Notre engagement de garantie de satisfaction vous permet d&#8217;\u00e9changer ou de retourner votre produit jusqu&#8217;\u00e0 10 jours apr\u00e8s la date \u00e0 laquelle vous l&#8217;avez re\u00e7u, en ne payant que les frais de transport, qui seront les m\u00eames que ceux de la livraison. Assurez-vous simplement que le produit que vous souhaitez \u00e9changer ou retourner n&#8217;a pas \u00e9t\u00e9 utilis\u00e9, qu&#8217;il est accompagn\u00e9 de tous ses accessoires et de son emballage d&#8217;origine. Le remboursement est effectu\u00e9 par le biais du syst\u00e8me s\u00e9curis\u00e9 PayPal.<\/p>\n\n<p>Pour b\u00e9n\u00e9ficier de cette garantie de satisfaction, il vous suffit de vous connecter \u00e0 notre syst\u00e8me d&#8217;assistance <a href=\"https:\/\/grebe-watches.com\/fr\/soutien\/\">https:\/\/grebe-watches.com\/fr\/soutien\/<\/a> et de saisir votre nom, le num\u00e9ro d&#8217;achat et l&#8217;adresse \u00e9lectronique utilis\u00e9e pour effectuer l&#8217;achat.<\/p>\n\n<p>Si le produit que vous avez achet\u00e9 ne pr\u00e9sente pas les caract\u00e9ristiques techniques signal\u00e9es, s&#8217;il est arriv\u00e9 endommag\u00e9 ou incomplet, ne vous inqui\u00e9tez pas, vous pouvez l&#8217;\u00e9changer imm\u00e9diatement. S&#8217;il est d\u00e9fectueux dans un d\u00e9lai de 6 mois \u00e0 compter de la date de r\u00e9ception, vous pouvez choisir entre la r\u00e9paration gratuite, ou apr\u00e8s restitution, l&#8217;\u00e9change ou le remboursement du montant pay\u00e9, \u00e0 condition que le produit ne se soit pas d\u00e9t\u00e9rior\u00e9 en raison d&#8217;un \u00e9v\u00e9nement imputable au consommateur.<\/p>\n\n<p>Pour cela, vous devez \u00e9galement vous connecter \u00e0 notre syst\u00e8me d&#8217;assistance <a href=\"https:\/\/grebe-watches.com\/fr\/soutien\/\">https:\/\/grebe-watches.com\/fr\/soutien\/<\/a> et saisir votre nom, le num\u00e9ro d&#8217;achat et l&#8217;adresse \u00e9lectronique que vous avez utilis\u00e9e pour effectuer l&#8217;achat. Il vous sera demand\u00e9 de fournir une photo ou une vid\u00e9o de la panne afin de clarifier le probl\u00e8me et vous recevrez des instructions sur la marche \u00e0 suivre.<\/p>\n\n<p>&nbsp;<\/p>\n<p>[\/vc_column_text][\/vc_column][\/vc_row]<\/p>\n","protected":false},"excerpt":{"rendered":"<p>[vc_row][vc_column][vc_column_text] Les montres en cuivre sont fabriqu\u00e9es \u00e0 la main sur le cadran et ne sont pas exemptes d&#8217;imperfections. Les photos sont celles d&#8217;une montre de r\u00e9f\u00e9rence et aucune n&#8217;est exactement la m\u00eame. Sur les photos, vous pouvez voir les cadrans et leurs d\u00e9tails en d\u00e9tail. Cela les rend uniques et, en m\u00eame temps, peut [&hellip;]<\/p>\n","protected":false},"author":1,"featured_media":0,"parent":0,"menu_order":0,"comment_status":"closed","ping_status":"closed","template":"","meta":{"footnotes":""},"class_list":["post-100628","page","type-page","status-publish","hentry"],"_links":{"self":[{"href":"https:\/\/grebe-watches.com\/fr\/wp-json\/wp\/v2\/pages\/100628","targetHints":{"allow":["GET"]}}],"collection":[{"href":"https:\/\/grebe-watches.com\/fr\/wp-json\/wp\/v2\/pages"}],"about":[{"href":"https:\/\/grebe-watches.com\/fr\/wp-json\/wp\/v2\/types\/page"}],"author":[{"embeddable":true,"href":"https:\/\/grebe-watches.com\/fr\/wp-json\/wp\/v2\/users\/1"}],"replies":[{"embeddable":true,"href":"https:\/\/grebe-watches.com\/fr\/wp-json\/wp\/v2\/comments?post=100628"}],"version-history":[{"count":0,"href":"https:\/\/grebe-watches.com\/fr\/wp-json\/wp\/v2\/pages\/100628\/revisions"}],"wp:attachment":[{"href":"https:\/\/grebe-watches.com\/fr\/wp-json\/wp\/v2\/media?parent=100628"}],"curies":[{"name":"wp","href":"https:\/\/api.w.org\/{rel}","templated":true}]}}